{"id":79,"date":"2025-04-26T20:29:49","date_gmt":"2025-04-26T20:29:49","guid":{"rendered":"https:\/\/cristina-anghel.com\/ro\/?page_id=79"},"modified":"2025-07-26T22:02:13","modified_gmt":"2025-07-26T22:02:13","slug":"contact","status":"publish","type":"page","link":"https:\/\/cristina-anghel.com\/ro\/contact\/","title":{"rendered":"Contact"},"content":{"rendered":"\t\t<div data-elementor-type=\"wp-page\" data-elementor-id=\"79\" class=\"elementor elementor-79\" data-elementor-post-type=\"page\">\n\t\t\t\t\t\t<section class=\"elementor-section elementor-top-section elementor-element elementor-element-5163c090 elementor-section-height-min-height elementor-section-boxed elementor-section-height-default elementor-section-items-middle\" data-id=\"5163c090\" data-element_type=\"section\" data-settings=\"{&quot;background_background&quot;:&quot;classic&quot;,&quot;shape_divider_bottom&quot;:&quot;mountains&quot;}\">\n\t\t\t\t\t\t\t<div class=\"elementor-background-overlay\"><\/div>\n\t\t\t\t\t\t<div class=\"elementor-shape elementor-shape-bottom\" aria-hidden=\"true\" data-negative=\"false\">\n\t\t\t<svg xmlns=\"http:\/\/www.w3.org\/2000\/svg\" viewBox=\"0 0 1000 100\" preserveAspectRatio=\"none\">\n\t<path class=\"elementor-shape-fill\" opacity=\"0.33\" d=\"M473,67.3c-203.9,88.3-263.1-34-320.3,0C66,119.1,0,59.7,0,59.7V0h1000v59.7 c0,0-62.1,26.1-94.9,29.3c-32.8,3.3-62.8-12.3-75.8-22.1C806,49.6,745.3,8.7,694.9,4.7S492.4,59,473,67.3z\"\/>\n\t<path class=\"elementor-shape-fill\" opacity=\"0.66\" d=\"M734,67.3c-45.5,0-77.2-23.2-129.1-39.1c-28.6-8.7-150.3-10.1-254,39.1 s-91.7-34.4-149.2,0C115.7,118.3,0,39.8,0,39.8V0h1000v36.5c0,0-28.2-18.5-92.1-18.5C810.2,18.1,775.7,67.3,734,67.3z\"\/>\n\t<path class=\"elementor-shape-fill\" d=\"M766.1,28.9c-200-57.5-266,65.5-395.1,19.5C242,1.8,242,5.4,184.8,20.6C128,35.8,132.3,44.9,89.9,52.5C28.6,63.7,0,0,0,0 h1000c0,0-9.9,40.9-83.6,48.1S829.6,47,766.1,28.9z\"\/>\n<\/svg>\t\t<\/div>\n\t\t\t\t\t<div class=\"elementor-container elementor-column-gap-default\">\n\t\t\t\t\t<div class=\"elementor-column elementor-col-100 elementor-top-column elementor-element elementor-element-501e35e7\" data-id=\"501e35e7\" data-element_type=\"column\">\n\t\t\t<div class=\"elementor-widget-wrap elementor-element-populated\">\n\t\t\t\t\t\t<div class=\"elementor-element elementor-element-50a26702 elementor-widget elementor-widget-heading\" data-id=\"50a26702\" data-element_type=\"widget\" data-widget_type=\"heading.default\">\n\t\t\t\t<div class=\"elementor-widget-container\">\n\t\t\t\t\t<h2 class=\"elementor-heading-title elementor-size-default\">CONTACT<\/h2>\t\t\t\t<\/div>\n\t\t\t\t<\/div>\n\t\t\t\t<div class=\"elementor-element elementor-element-282bcbe8 elementor-widget elementor-widget-heading\" data-id=\"282bcbe8\" data-element_type=\"widget\" data-widget_type=\"heading.default\">\n\t\t\t\t<div class=\"elementor-widget-container\">\n\t\t\t\t\t<h2 class=\"elementor-heading-title elementor-size-default\">Primul pas conteaz\u0103 \u2013 \u0219i poate deschide drumul c\u0103tre schimbare, claritate \u0219i echilibru interior.<\/h2>\t\t\t\t<\/div>\n\t\t\t\t<\/div>\n\t\t\t\t\t<\/div>\n\t\t<\/div>\n\t\t\t\t\t<\/div>\n\t\t<\/section>\n\t\t\t\t<section class=\"elementor-section elementor-top-section elementor-element elementor-element-48c05d59 elementor-section-boxed elementor-section-height-default elementor-section-height-default\" data-id=\"48c05d59\" data-element_type=\"section\" data-settings=\"{&quot;background_background&quot;:&quot;classic&quot;}\">\n\t\t\t\t\t\t<div class=\"elementor-container elementor-column-gap-default\">\n\t\t\t\t\t<div class=\"elementor-column elementor-col-50 elementor-top-column elementor-element elementor-element-3125ce9a\" data-id=\"3125ce9a\" data-element_type=\"column\">\n\t\t\t<div class=\"elementor-widget-wrap elementor-element-populated\">\n\t\t\t\t\t\t<div class=\"elementor-element elementor-element-3dc5cf49 elementor-widget elementor-widget-heading\" data-id=\"3dc5cf49\" data-element_type=\"widget\" data-widget_type=\"heading.default\">\n\t\t\t\t<div class=\"elementor-widget-container\">\n\t\t\t\t\t<h2 class=\"elementor-heading-title elementor-size-default\">Contacta\u021bi-m\u0103!<\/h2>\t\t\t\t<\/div>\n\t\t\t\t<\/div>\n\t\t\t\t<div class=\"elementor-element elementor-element-6679ecc5 elementor-widget elementor-widget-text-editor\" data-id=\"6679ecc5\" data-element_type=\"widget\" data-widget_type=\"text-editor.default\">\n\t\t\t\t<div class=\"elementor-widget-container\">\n\t\t\t\t\t\t\t\t\t<p><span style=\"color: #000000;\">Completa\u021bi formularul de mai jos pentru a lua leg\u0103tura cu mine sau folosi\u021bi una dintre celelalte modalit\u0103\u021bi de contact disponibile pe aceast\u0103 pagin\u0103.<\/span><\/p>\t\t\t\t\t\t\t\t<\/div>\n\t\t\t\t<\/div>\n\t\t\t\t<div class=\"elementor-element elementor-element-6aebf289 elementor-button-align-stretch elementor-widget elementor-widget-form\" data-id=\"6aebf289\" data-element_type=\"widget\" data-settings=\"{&quot;step_next_label&quot;:&quot;N\\u00e4chster&quot;,&quot;step_previous_label&quot;:&quot;Voriger&quot;,&quot;button_width&quot;:&quot;100&quot;,&quot;step_type&quot;:&quot;number_text&quot;,&quot;step_icon_shape&quot;:&quot;circle&quot;}\" data-widget_type=\"form.default\">\n\t\t\t\t<div class=\"elementor-widget-container\">\n\t\t\t\t\t\t\t<form class=\"elementor-form\" method=\"post\" name=\"Neues Formular\">\n\t\t\t<input type=\"hidden\" name=\"post_id\" value=\"79\"\/>\n\t\t\t<input type=\"hidden\" name=\"form_id\" value=\"6aebf289\"\/>\n\t\t\t<input type=\"hidden\" name=\"referer_title\" value=\"Contact\" \/>\n\n\t\t\t\t\t\t\t<input type=\"hidden\" name=\"queried_id\" value=\"79\"\/>\n\t\t\t\n\t\t\t<div class=\"elementor-form-fields-wrapper elementor-labels-above\">\n\t\t\t\t\t\t\t\t<div class=\"elementor-field-type-text elementor-field-group elementor-column elementor-field-group-name elementor-col-100\">\n\t\t\t\t\t\t\t\t\t\t\t\t\t<input size=\"1\" type=\"text\" name=\"form_fields[name]\" id=\"form-field-name\" class=\"elementor-field elementor-size-sm  elementor-field-textual\" placeholder=\"Nume\">\n\t\t\t\t\t\t\t\t\t\t\t<\/div>\n\t\t\t\t\t\t\t\t<div class=\"elementor-field-type-text elementor-field-group elementor-column elementor-field-group-field_093d60c elementor-col-100\">\n\t\t\t\t\t\t\t\t\t\t\t\t\t<input size=\"1\" type=\"text\" name=\"form_fields[field_093d60c]\" id=\"form-field-field_093d60c\" class=\"elementor-field elementor-size-sm  elementor-field-textual\" placeholder=\"Telefon\">\n\t\t\t\t\t\t\t\t\t\t\t<\/div>\n\t\t\t\t\t\t\t\t<div class=\"elementor-field-type-email elementor-field-group elementor-column elementor-field-group-email elementor-col-100 elementor-field-required\">\n\t\t\t\t\t\t\t\t\t\t\t\t\t<input size=\"1\" type=\"email\" name=\"form_fields[email]\" id=\"form-field-email\" class=\"elementor-field elementor-size-sm  elementor-field-textual\" placeholder=\"E-Mail\" required=\"required\">\n\t\t\t\t\t\t\t\t\t\t\t<\/div>\n\t\t\t\t\t\t\t\t<div class=\"elementor-field-type-textarea elementor-field-group elementor-column elementor-field-group-message elementor-col-100\">\n\t\t\t\t\t<textarea class=\"elementor-field-textual elementor-field  elementor-size-sm\" name=\"form_fields[message]\" id=\"form-field-message\" rows=\"4\" placeholder=\"Mesaj\"><\/textarea>\t\t\t\t<\/div>\n\t\t\t\t\t\t\t\t<div class=\"elementor-field-type-checkbox elementor-field-group elementor-column elementor-field-group-field_5abe8e3 elementor-col-100\">\n\t\t\t\t\t<div class=\"elementor-field-subgroup  \"><span class=\"elementor-field-option\"><input type=\"checkbox\" value=\"Sunt de acord cu prelucrarea datelor mele personale \u00een scopul contact\u0103rii, \u00een conformitate cu politica de confiden\u021bialitate.\" id=\"form-field-field_5abe8e3-0\" name=\"form_fields[field_5abe8e3]\"> <label for=\"form-field-field_5abe8e3-0\">Sunt de acord cu prelucrarea datelor mele personale \u00een scopul contact\u0103rii, \u00een conformitate cu politica de confiden\u021bialitate.<\/label><\/span><\/div>\t\t\t\t<\/div>\n\t\t\t\t\t\t\t\t<div class=\"elementor-field-group elementor-column elementor-field-type-submit elementor-col-100 e-form__buttons\">\n\t\t\t\t\t<button class=\"elementor-button elementor-size-sm\" type=\"submit\">\n\t\t\t\t\t\t<span class=\"elementor-button-content-wrapper\">\n\t\t\t\t\t\t\t\t\t\t\t\t\t\t\t\t\t\t\t\t\t\t<span class=\"elementor-button-text\">TRIMITE ACUM MESAJUL<\/span>\n\t\t\t\t\t\t\t\t\t\t\t\t\t<\/span>\n\t\t\t\t\t<\/button>\n\t\t\t\t<\/div>\n\t\t\t<\/div>\n\t\t<\/form>\n\t\t\t\t\t\t<\/div>\n\t\t\t\t<\/div>\n\t\t\t\t<div class=\"elementor-element elementor-element-214b601e elementor-hidden-tablet elementor-hidden-mobile elementor-widget elementor-widget-text-editor\" data-id=\"214b601e\" data-element_type=\"widget\" data-widget_type=\"text-editor.default\">\n\t\t\t\t<div class=\"elementor-widget-container\">\n\t\t\t\t\t\t\t\t\t<p><span style=\"color: #000000;\">Denumirea profesional\u0103: \u00a7 6 TDG: Gesetzliche Berufsbezeichnung: Heilpraktikerin f\u00fcr Psychotherapie nach HeilprG<br \/>Aprobare: <strong data-start=\"487\" data-end=\"542\">Psihoterapeut integrativ \u00een formare sistemic\u0103 (PiA)<\/strong><\/span><\/p>\t\t\t\t\t\t\t\t<\/div>\n\t\t\t\t<\/div>\n\t\t\t\t\t<\/div>\n\t\t<\/div>\n\t\t\t\t<div class=\"elementor-column elementor-col-50 elementor-top-column elementor-element elementor-element-68ae0437\" data-id=\"68ae0437\" data-element_type=\"column\">\n\t\t\t<div class=\"elementor-widget-wrap elementor-element-populated\">\n\t\t\t\t\t\t<div class=\"elementor-element elementor-element-4bb0652e elementor-widget elementor-widget-text-editor\" data-id=\"4bb0652e\" data-element_type=\"widget\" data-widget_type=\"text-editor.default\">\n\t\t\t\t<div class=\"elementor-widget-container\">\n\t\t\t\t\t\t\t\t\t<p style=\"text-align: center;\"><span style=\"color: #000000;\">Dac\u0103 dori\u021bi s\u0103 lua\u021bi leg\u0103tura cu mine, v\u0103 rog s\u0103 m\u0103 suna\u021bi.<\/span><br data-start=\"125\" data-end=\"128\" \/><span style=\"color: #000000;\">\u00cen cazul \u00een care nu v\u0103 pot r\u0103spunde imediat, v\u0103 rog s\u0103 \u00eemi trimite\u021bi un SMS scurt \u2013 v\u0103 voi suna \u00eenapoi c\u00e2t de repede posibil. De asemenea, \u00eemi pute\u021bi trimite un e-mail, \u00eens\u0103 este posibil s\u0103 nu \u00eel pot r\u0103spunde imediat.<\/span><\/p>\t\t\t\t\t\t\t\t<\/div>\n\t\t\t\t<\/div>\n\t\t\t\t<div class=\"elementor-element elementor-element-583f7d4b elementor-widget elementor-widget-text-editor\" data-id=\"583f7d4b\" data-element_type=\"widget\" data-widget_type=\"text-editor.default\">\n\t\t\t\t<div class=\"elementor-widget-container\">\n\t\t\t\t\t\t\t\t\t<p style=\"text-align: center;\"><span style=\"color: #333333;\">EMAIL<\/span><br \/><span style=\"color: #b6945e;\"><a style=\"color: #b6945e;\" href=\"mailto:info@cristina-anghel.com\"><strong>info@cristina-anghel.com<\/strong><\/a><\/span><\/p><p style=\"text-align: center;\"><span style=\"color: #333333;\">TELEFON <\/span><br \/><span style=\"color: #b6945e;\"><strong>0151 590 137 49<\/strong><\/span><\/p><p style=\"text-align: center;\"><span class=\"dia_suggestion w0\" style=\"color: #333333;\" contextmenu=\"true\">LOCA\u021aIE<\/span><br \/><span style=\"color: #b6945e;\"><strong>Freudenstadt, Germania (lucrez online, cu clien\u021bi din toat\u0103 lumea)<\/strong><\/span><\/p><p style=\"text-align: center;\"><span style=\"color: #333333;\">INSTAGRAM<\/span><br \/><span style=\"color: #b6945e;\"><strong>@cristinaanghel.psiholog<\/strong><\/span><\/p><p style=\"text-align: center;\"><span style=\"color: #333333;\">FACEBOOK<\/span><br \/><span style=\"color: #b6945e;\"><strong>\/PsihologCristinaAnghel<\/strong><\/span><\/p>\t\t\t\t\t\t\t\t<\/div>\n\t\t\t\t<\/div>\n\t\t\t\t<section class=\"elementor-section elementor-inner-section elementor-element elementor-element-65e668bd elementor-section-boxed elementor-section-height-default elementor-section-height-default\" data-id=\"65e668bd\" data-element_type=\"section\">\n\t\t\t\t\t\t<div class=\"elementor-container elementor-column-gap-default\">\n\t\t\t\t\t<div class=\"elementor-column elementor-col-33 elementor-inner-column elementor-element elementor-element-7db40c2e\" data-id=\"7db40c2e\" data-element_type=\"column\">\n\t\t\t<div class=\"elementor-widget-wrap elementor-element-populated\">\n\t\t\t\t\t\t<div class=\"elementor-element elementor-element-5e100437 elementor-widget elementor-widget-image\" data-id=\"5e100437\" data-element_type=\"widget\" data-widget_type=\"image.default\">\n\t\t\t\t<div class=\"elementor-widget-container\">\n\t\t\t\t\t\t\t\t\t\t\t\t\t\t\t<img fetchpriority=\"high\" decoding=\"async\" width=\"1024\" height=\"392\" src=\"https:\/\/cristina-anghel.com\/ro\/wp-content\/uploads\/2025\/04\/BDP-Mitglied-rgb-72dpi-439x1148px-1024x392.png\" class=\"attachment-large size-large wp-image-153\" alt=\"\" srcset=\"https:\/\/cristina-anghel.com\/ro\/wp-content\/uploads\/2025\/04\/BDP-Mitglied-rgb-72dpi-439x1148px-1024x392.png 1024w, https:\/\/cristina-anghel.com\/ro\/wp-content\/uploads\/2025\/04\/BDP-Mitglied-rgb-72dpi-439x1148px-300x115.png 300w, https:\/\/cristina-anghel.com\/ro\/wp-content\/uploads\/2025\/04\/BDP-Mitglied-rgb-72dpi-439x1148px-768x294.png 768w, https:\/\/cristina-anghel.com\/ro\/wp-content\/uploads\/2025\/04\/BDP-Mitglied-rgb-72dpi-439x1148px-600x229.png 600w, https:\/\/cristina-anghel.com\/ro\/wp-content\/uploads\/2025\/04\/BDP-Mitglied-rgb-72dpi-439x1148px.png 1148w\" sizes=\"(max-width: 1024px) 100vw, 1024px\" \/>\t\t\t\t\t\t\t\t\t\t\t\t\t\t\t<\/div>\n\t\t\t\t<\/div>\n\t\t\t\t\t<\/div>\n\t\t<\/div>\n\t\t\t\t<div class=\"elementor-column elementor-col-33 elementor-inner-column elementor-element elementor-element-19bfdc59\" data-id=\"19bfdc59\" data-element_type=\"column\">\n\t\t\t<div class=\"elementor-widget-wrap elementor-element-populated\">\n\t\t\t\t\t\t<div class=\"elementor-element elementor-element-2a306c0e elementor-widget elementor-widget-image\" data-id=\"2a306c0e\" data-element_type=\"widget\" data-widget_type=\"image.default\">\n\t\t\t\t<div class=\"elementor-widget-container\">\n\t\t\t\t\t\t\t\t\t\t\t\t\t\t\t<img decoding=\"async\" width=\"593\" height=\"188\" src=\"https:\/\/cristina-anghel.com\/ro\/wp-content\/uploads\/2025\/04\/1-1.png\" class=\"attachment-large size-large wp-image-154\" alt=\"\" srcset=\"https:\/\/cristina-anghel.com\/ro\/wp-content\/uploads\/2025\/04\/1-1.png 593w, https:\/\/cristina-anghel.com\/ro\/wp-content\/uploads\/2025\/04\/1-1-300x95.png 300w\" sizes=\"(max-width: 593px) 100vw, 593px\" \/>\t\t\t\t\t\t\t\t\t\t\t\t\t\t\t<\/div>\n\t\t\t\t<\/div>\n\t\t\t\t\t<\/div>\n\t\t<\/div>\n\t\t\t\t<div class=\"elementor-column elementor-col-33 elementor-inner-column elementor-element elementor-element-2528a707\" data-id=\"2528a707\" data-element_type=\"column\">\n\t\t\t<div class=\"elementor-widget-wrap elementor-element-populated\">\n\t\t\t\t\t\t<div class=\"elementor-element elementor-element-25d1a346 elementor-widget elementor-widget-image\" data-id=\"25d1a346\" data-element_type=\"widget\" data-widget_type=\"image.default\">\n\t\t\t\t<div class=\"elementor-widget-container\">\n\t\t\t\t\t\t\t\t\t\t\t\t\t\t\t<img decoding=\"async\" width=\"300\" height=\"128\" src=\"https:\/\/cristina-anghel.com\/ro\/wp-content\/uploads\/2025\/04\/1-2.png\" class=\"attachment-large size-large wp-image-155\" alt=\"\" \/>\t\t\t\t\t\t\t\t\t\t\t\t\t\t\t<\/div>\n\t\t\t\t<\/div>\n\t\t\t\t\t<\/div>\n\t\t<\/div>\n\t\t\t\t\t<\/div>\n\t\t<\/section>\n\t\t\t\t<div class=\"elementor-element elementor-element-742ac394 elementor-hidden-desktop elementor-widget elementor-widget-text-editor\" data-id=\"742ac394\" data-element_type=\"widget\" data-widget_type=\"text-editor.default\">\n\t\t\t\t<div class=\"elementor-widget-container\">\n\t\t\t\t\t\t\t\t\t<p style=\"text-align: center;\"><span style=\"color: #000000;\">Denumirea profesional\u0103: \u00a7 6 TDG: Gesetzliche Berufsbezeichnung: Heilpraktikerin f\u00fcr Psychotherapie nach HeilprG<\/span><br \/><span style=\"color: #000000;\">Aprobare: <strong data-start=\"487\" data-end=\"542\">Psihoterapeut integrativ \u00een formare sistemic\u0103 (PiA)<\/strong><\/span><\/p>\t\t\t\t\t\t\t\t<\/div>\n\t\t\t\t<\/div>\n\t\t\t\t\t<\/div>\n\t\t<\/div>\n\t\t\t\t\t<\/div>\n\t\t<\/section>\n\t\t\t\t<\/div>\n\t\t","protected":false},"excerpt":{"rendered":"<p>CONTACT Primul pas conteaz\u0103 \u2013 \u0219i poate deschide drumul c\u0103tre schimbare, claritate \u0219i echilibru interior. Contacta\u021bi-m\u0103! Completa\u021bi formularul de mai [&hellip;]<\/p>\n","protected":false},"author":1,"featured_media":0,"parent":0,"menu_order":0,"comment_status":"closed","ping_status":"closed","template":"","meta":{"site-sidebar-layout":"no-sidebar","site-content-layout":"","ast-site-content-layout":"full-width-container","site-content-style":"default","site-sidebar-style":"default","ast-global-header-display":"","ast-banner-title-visibility":"","ast-main-header-display":"","ast-hfb-above-header-display":"","ast-hfb-below-header-display":"","ast-hfb-mobile-header-display":"","site-post-title":"disabled","ast-breadcrumbs-content":"","ast-featured-img":"disabled","footer-sml-layout":"","theme-transparent-header-meta":"default","adv-header-id-meta":"","stick-header-meta":"","header-above-stick-meta":"","header-main-stick-meta":"","header-below-stick-meta":"","astra-migrate-meta-layouts":"set","ast-page-background-enabled":"default","ast-page-background-meta":{"desktop":{"background-color":"var(--ast-global-color-5)","background-image":"","background-repeat":"repeat","background-position":"center center","background-size":"auto","background-attachment":"scroll","background-type":"","background-media":"","overlay-type":"","overlay-color":"","overlay-opacity":"","overlay-gradient":""},"tablet":{"background-color":"","background-image":"","background-repeat":"repeat","background-position":"center center","background-size":"auto","background-attachment":"scroll","background-type":"","background-media":"","overlay-type":"","overlay-color":"","overlay-opacity":"","overlay-gradient":""},"mobile":{"background-color":"","background-image":"","background-repeat":"repeat","background-position":"center center","background-size":"auto","background-attachment":"scroll","background-type":"","background-media":"","overlay-type":"","overlay-color":"","overlay-opacity":"","overlay-gradient":""}},"ast-content-background-meta":{"desktop":{"background-color":"var(--ast-global-color-4)","background-image":"","background-repeat":"repeat","background-position":"center center","background-size":"auto","background-attachment":"scroll","background-type":"","background-media":"","overlay-type":"","overlay-color":"","overlay-opacity":"","overlay-gradient":""},"tablet":{"background-color":"var(--ast-global-color-4)","background-image":"","background-repeat":"repeat","background-position":"center center","background-size":"auto","background-attachment":"scroll","background-type":"","background-media":"","overlay-type":"","overlay-color":"","overlay-opacity":"","overlay-gradient":""},"mobile":{"background-color":"var(--ast-global-color-4)","background-image":"","background-repeat":"repeat","background-position":"center center","background-size":"auto","background-attachment":"scroll","background-type":"","background-media":"","overlay-type":"","overlay-color":"","overlay-opacity":"","overlay-gradient":""}},"footnotes":""},"class_list":["post-79","page","type-page","status-publish","hentry"],"_links":{"self":[{"href":"https:\/\/cristina-anghel.com\/ro\/wp-json\/wp\/v2\/pages\/79","targetHints":{"allow":["GET"]}}],"collection":[{"href":"https:\/\/cristina-anghel.com\/ro\/wp-json\/wp\/v2\/pages"}],"about":[{"href":"https:\/\/cristina-anghel.com\/ro\/wp-json\/wp\/v2\/types\/page"}],"author":[{"embeddable":true,"href":"https:\/\/cristina-anghel.com\/ro\/wp-json\/wp\/v2\/users\/1"}],"replies":[{"embeddable":true,"href":"https:\/\/cristina-anghel.com\/ro\/wp-json\/wp\/v2\/comments?post=79"}],"version-history":[{"count":22,"href":"https:\/\/cristina-anghel.com\/ro\/wp-json\/wp\/v2\/pages\/79\/revisions"}],"predecessor-version":[{"id":383,"href":"https:\/\/cristina-anghel.com\/ro\/wp-json\/wp\/v2\/pages\/79\/revisions\/383"}],"wp:attachment":[{"href":"https:\/\/cristina-anghel.com\/ro\/wp-json\/wp\/v2\/media?parent=79"}],"curies":[{"name":"wp","href":"https:\/\/api.w.org\/{rel}","templated":true}]}}